{"id":840,"date":"2019-04-14T20:41:33","date_gmt":"2019-04-14T19:41:33","guid":{"rendered":"http:\/\/haxel.de\/?page_id=840"},"modified":"2019-04-14T20:42:28","modified_gmt":"2019-04-14T19:42:28","slug":"foederungen","status":"publish","type":"page","link":"https:\/\/haxel.de\/?page_id=840","title":{"rendered":"F\u00f6derungen"},"content":{"rendered":"\n<p>Der Betrieb erh\u00e4lt f\u00fcr seine Leistungen in Agrarumwelt- und Klimama\u00dfnahmen:\u00a0  <br>     <strong>Umweltschonender Steil- und Steilstlagenweinbau\u00a0<\/strong>  <br>einen Ausgleich durch den Europ\u00e4ischen Landwirtschaftsfonds f\u00fcr die   Entwicklung des l\u00e4ndlichen Raums (ELER). Hier investiert Europa in die   l\u00e4ndlichen Gebiete im Rahmen des Rheinland-pf\u00e4lzischen Entwicklungsprogramms \u201eUmweltma\u00dfnahmen, L\u00e4ndliche Entwicklung, Landwirtschaft, Ern\u00e4hrung\u201c (EULLE) mitfinanziert durch das Land     Rheinland-Pfalz. Ministerium f\u00fcr Wirtschaft, Verkehr, Landwirtschaft und Weinbau Rheinland-Pfalz  <\/p>\n\n\n\n<figure class=\"wp-block-image\"><img loading=\"lazy\" decoding=\"async\" width=\"244\" height=\"160\" src=\"https:\/\/mosel.guenni.net\/wordpress\/wp-content\/uploads\/EU.jpg\" alt=\"\" class=\"wp-image-841\"\/><\/figure>\n\n\n\n<figure class=\"wp-block-image\"><img loading=\"lazy\" decoding=\"async\" width=\"243\" height=\"167\" src=\"https:\/\/mosel.guenni.net\/wordpress\/wp-content\/uploads\/RLP.jpg\" alt=\"\" class=\"wp-image-842\"\/><\/figure>\n","protected":false},"excerpt":{"rendered":"<p>Der Betrieb erh\u00e4lt f\u00fcr seine Leistungen in Agrarumwelt- und Klimama\u00dfnahmen:\u00a0 Umweltschonender Steil- und Steilstlagenweinbau\u00a0 einen Ausgleich durch den Europ\u00e4ischen Landwirtschaftsfonds f\u00fcr die Entwicklung des l\u00e4ndlichen Raums (ELER). Hier investiert Europa in die l\u00e4ndlichen Gebiete im Rahmen des Rheinland-pf\u00e4lzischen Entwicklungsprogramms \u201eUmweltma\u00dfnahmen, L\u00e4ndliche Entwicklung, Landwirtschaft, Ern\u00e4hrung\u201c (EULLE) mitfinanziert durch das Land Rheinland-Pfalz. Ministerium f\u00fcr Wirtschaft, Verkehr, Landwirtschaft [&hellip;]<\/p>\n","protected":false},"author":2,"featured_media":0,"parent":0,"menu_order":17,"comment_status":"closed","ping_status":"closed","template":"","meta":{"footnotes":""},"class_list":["post-840","page","type-page","status-publish","hentry"],"_links":{"self":[{"href":"https:\/\/haxel.de\/index.php?rest_route=\/wp\/v2\/pages\/840","targetHints":{"allow":["GET"]}}],"collection":[{"href":"https:\/\/haxel.de\/index.php?rest_route=\/wp\/v2\/pages"}],"about":[{"href":"https:\/\/haxel.de\/index.php?rest_route=\/wp\/v2\/types\/page"}],"author":[{"embeddable":true,"href":"https:\/\/haxel.de\/index.php?rest_route=\/wp\/v2\/users\/2"}],"replies":[{"embeddable":true,"href":"https:\/\/haxel.de\/index.php?rest_route=%2Fwp%2Fv2%2Fcomments&post=840"}],"version-history":[{"count":0,"href":"https:\/\/haxel.de\/index.php?rest_route=\/wp\/v2\/pages\/840\/revisions"}],"wp:attachment":[{"href":"https:\/\/haxel.de\/index.php?rest_route=%2Fwp%2Fv2%2Fmedia&parent=840"}],"curies":[{"name":"wp","href":"https:\/\/api.w.org\/{rel}","templated":true}]}}