{"id":60,"date":"2011-01-08T22:40:40","date_gmt":"2011-01-08T22:40:40","guid":{"rendered":"http:\/\/guenni.net\/haxel\/?page_id=60"},"modified":"2025-05-04T18:22:53","modified_gmt":"2025-05-04T17:22:53","slug":"rieslingstubn","status":"publish","type":"page","link":"https:\/\/haxel.de\/?page_id=60","title":{"rendered":"Weinstube"},"content":{"rendered":"<p>Nicht umsonst ist die Moselregion f\u00fcr ihre Spitzenweine ber\u00fchmt.<br \/>\nDie traditionsreichste Rebsorte an der Mosel ist der Riesling.<br \/>\nHaupts\u00e4chlich diese Rebsorte, die auch &#8222;K\u00f6nigin der Wei\u00dfweine&#8220; genannt wird, bauen wir in den sonnenreichsten Steilh\u00e4ngen Cochems an.<\/p>\n<p>Unser Wein In den Gew\u00f6lbekellern reifen unteranderem selbsterzeugte Rieslingweine mit fruchtiger Blume und feiner S\u00e4ure heran.<br \/>\nNach sorgf\u00e4ltigster Pflege kommen diese Weine als Gutsabf\u00fcllung auf die Flasche &#8211; ein Genuss f\u00fcr jeden Weinfreund.<\/p>\n<p><a href=\"https:\/\/mosel.guenni.net\/wordpress\/wp-content\/uploads\/DSC00730.jpg\"><img loading=\"lazy\" decoding=\"async\" class=\"alignleft size-medium wp-image-43\" title=\"Laube\" src=\"https:\/\/mosel.guenni.net\/wordpress\/wp-content\/uploads\/DSC00730.jpg\" alt=\"\" width=\"180\" height=\"138\" \/><\/a>Die Weinstube Treten Sie ein in unsere Rieslingstub&#8217;n und nehmen Sie Platz zwischen historischem Winzerger\u00e4t.<br \/>\nGenie\u00dfen Sie einen Schoppen oder zwei, in gem\u00fctlicher Runde mit Freunden und Verwandten. <\/p>\n<p>Wir bieten auch Kleinigkeiten zu Essen zu unseren Weinen an. <\/p>\n<p>Und bei sch\u00f6nem Wetter bietet sich unser z\u00fcnftiger, rebenumkr\u00e4nzter Innenhof mit seinem schattenspendenden Dach aus Weinlaub zum Verweilen an.<\/p>\n<p><a href=\"https:\/\/haxel.de\/wp-content\/uploads\/20210613_154626-scaled.jpg\"><img loading=\"lazy\" decoding=\"async\" src=\"https:\/\/haxel.de\/wp-content\/uploads\/20210613_154626-300x135.jpg\" alt=\"\" width=\"300\" height=\"135\" class=\"aligncenter size-medium wp-image-8689\" srcset=\"https:\/\/haxel.de\/wp-content\/uploads\/20210613_154626-300x135.jpg 300w, https:\/\/haxel.de\/wp-content\/uploads\/20210613_154626-1024x461.jpg 1024w, https:\/\/haxel.de\/wp-content\/uploads\/20210613_154626-768x346.jpg 768w, https:\/\/haxel.de\/wp-content\/uploads\/20210613_154626-1536x692.jpg 1536w, https:\/\/haxel.de\/wp-content\/uploads\/20210613_154626-2048x922.jpg 2048w\" sizes=\"auto, (max-width: 300px) 100vw, 300px\" \/><\/a><\/p>\n<p><a href=\"https:\/\/haxel.de\/wp-content\/uploads\/1000013971.jpg\"><img loading=\"lazy\" decoding=\"async\" src=\"https:\/\/haxel.de\/wp-content\/uploads\/1000013971-150x150.jpg\" alt=\"\" width=\"150\" height=\"150\" class=\"aligncenter size-thumbnail wp-image-8690\" \/><\/a><\/p>\n","protected":false},"excerpt":{"rendered":"<p>Nicht umsonst ist die Moselregion f\u00fcr ihre Spitzenweine ber\u00fchmt. Die traditionsreichste Rebsorte an der Mosel ist der Riesling. Haupts\u00e4chlich diese Rebsorte, die auch &#8222;K\u00f6nigin der Wei\u00dfweine&#8220; genannt wird, bauen wir in den sonnenreichsten Steilh\u00e4ngen Cochems an. Unser Wein In den Gew\u00f6lbekellern reifen unteranderem selbsterzeugte Rieslingweine mit fruchtiger Blume und feiner S\u00e4ure heran. Nach sorgf\u00e4ltigster Pflege [&hellip;]<\/p>\n","protected":false},"author":1,"featured_media":0,"parent":0,"menu_order":13,"comment_status":"open","ping_status":"closed","template":"","meta":{"footnotes":""},"class_list":["post-60","page","type-page","status-publish","hentry"],"_links":{"self":[{"href":"https:\/\/haxel.de\/index.php?rest_route=\/wp\/v2\/pages\/60","targetHints":{"allow":["GET"]}}],"collection":[{"href":"https:\/\/haxel.de\/index.php?rest_route=\/wp\/v2\/pages"}],"about":[{"href":"https:\/\/haxel.de\/index.php?rest_route=\/wp\/v2\/types\/page"}],"author":[{"embeddable":true,"href":"https:\/\/haxel.de\/index.php?rest_route=\/wp\/v2\/users\/1"}],"replies":[{"embeddable":true,"href":"https:\/\/haxel.de\/index.php?rest_route=%2Fwp%2Fv2%2Fcomments&post=60"}],"version-history":[{"count":5,"href":"https:\/\/haxel.de\/index.php?rest_route=\/wp\/v2\/pages\/60\/revisions"}],"predecessor-version":[{"id":8754,"href":"https:\/\/haxel.de\/index.php?rest_route=\/wp\/v2\/pages\/60\/revisions\/8754"}],"wp:attachment":[{"href":"https:\/\/haxel.de\/index.php?rest_route=%2Fwp%2Fv2%2Fmedia&parent=60"}],"curies":[{"name":"wp","href":"https:\/\/api.w.org\/{rel}","templated":true}]}}