{"id":31,"date":"2011-01-08T14:12:05","date_gmt":"2011-01-08T13:12:05","guid":{"rendered":"http:\/\/guenni.net\/haxel\/?page_id=31"},"modified":"2026-01-07T20:05:03","modified_gmt":"2026-01-07T19:05:03","slug":"zimmer-und-ferienwohnungen","status":"publish","type":"page","link":"https:\/\/haxel.de\/?page_id=31","title":{"rendered":"G\u00e4stezimmer &#8211; Apartments &#8211; Ferienwohnungen"},"content":{"rendered":"<p style=\"text-align: left;\"><span style=\"font-size: medium;\"><strong><span style=\"text-decoration: underline;\">G\u00e4stezimmer mit Dusche\/WC<\/span><\/strong><\/span><\/p>\n<h6><span style=\"font-size: medium;\"><a href=\"http:\/\/www.booking.com\/hotel\/de\/weingutrieslingstubn.html?aid=330843;lang=de;pb=1\">Verf\u00fcgbarkeit Pr\u00fcfen und Buchen <\/a><\/span>(Unterst\u00fctzt von Booking.com)<\/h6>\n<p>Preise f\u00fcr 2 Personen mit Fr\u00fchst\u00fcck:<\/p>\n<table style=\"height: 183px;\" width=\"532\" cellpadding=\"3\">\n<tbody>\n<tr>\n<td style=\"text-align: left;\" align=\"right\" height=\"20\"><span style=\"font-size: medium;\"> Ganzj\u00e4hrig<\/span><\/td>\n<td align=\"left\" height=\"20\"><span style=\"font-size: medium;\"> ab 120,00 \u20ac (ab 60,00 \u20ac pro Person)<\/span><\/td>\n<\/tr>\n<tr>\n<td style=\"text-align: left;\" align=\"right\" height=\"20\"><span style=\"font-size: medium;\">ohne Fr\u00fchst\u00fcck<\/span><\/td>\n<td align=\"left\" height=\"20\"><span style=\"font-size: medium;\">ab 100,00 \u20ac (ab 50,00 \u20ac pro Person)<\/span><\/td>\n<\/tr>\n<tr>\n<td style=\"text-align: left;\" align=\"right\" height=\"20\"><span style=\"font-size: medium;\">Hund<\/span><\/td>\n<td align=\"left\" height=\"20\"><span style=\"font-size: medium;\">5,00 \u20ac<\/span><\/td>\n<\/tr>\n<tr>\n<td style=\"text-align: left;\" align=\"right\"><\/td>\n<td align=\"left\"><\/td>\n<\/tr>\n<tr>\n<td style=\"text-align: left;\" colspan=\"2\" align=\"center\" height=\"15\"><span style=\"font-size: x-small;\">Die angegebenen Preise gelten pro Nacht bei Buchungen \u00fcber uns. Preise bei Booking.com sind abweichend<\/span><\/td>\n<\/tr>\n<\/tbody>\n<\/table>\n<p><span style=\"font-size: medium;\"><strong><span style=\"text-decoration: underline;\">Apartments mit Dusche, WC<\/span><\/strong><\/span> <span style=\"font-size: small;\">f\u00fcr 2 Personen <\/span><\/p>\n<h6><span style=\"font-size: small;\"><span style=\"font-size: medium;\"><a href=\"http:\/\/www.booking.com\/hotel\/de\/weingutrieslingstubn.html?aid=330843;lang=de;pb=1\">Verf\u00fcgbarkeit Pr\u00fcfen und Buchen <\/a><\/span><\/span>(Unterst\u00fctzt von Booking.com)<\/h6>\n<p><span style=\"font-size: small;\"><em>Kombinierter Wohn-\/Schlafraum mit Doppelbett, Singlek\u00fcche mit Kaffeemaschine, Fernseher. Bettw\u00e4sche und Handt\u00fccher inklusive.<\/em><\/span><br \/>\n<span style=\"font-size: medium;\">Preise f\u00fcr 2 Personen ohne Fr\u00fchst\u00fcck:<\/span><\/p>\n<table style=\"height: 238px;\" width=\"513\" cellpadding=\"3\">\n<tbody>\n<tr>\n<td style=\"text-align: left;\" align=\"right\" height=\"20\"><span style=\"font-size: medium;\">Ganzj\u00e4hrig<\/span><\/td>\n<td height=\"20\"><span style=\"font-size: medium;\">ab 110,00 \u20ac<\/span><span style=\"font-size: smal;\"> (ab 55,00 \u20ac pro Person)<\/span><\/td>\n<\/tr>\n<tr>\n<td style=\"text-align: left;\" align=\"right\"><span style=\"font-size: medium;\">extra Fr\u00fchst\u00fcck<\/span><\/td>\n<td align=\"left\"><span style=\"font-size: medium;\">12,50 \u20ac pro Person\u00a0<\/span><\/td>\n<\/tr>\n<tr>\n<td style=\"text-align: left;\" align=\"right\"><span style=\"font-size: medium;\">Hund<\/span><\/td>\n<td align=\"left\"><span style=\"font-size: medium;\">5,00 \u20ac<\/span><\/td>\n<\/tr>\n<tr>\n<td style=\"text-align: left;\" colspan=\"2\" align=\"center\"><span style=\"font-size: x-small;\">Die angegebenen Preise gelten pro Nacht bei Buchungen \u00fcber uns. Preise bei Booking.com sind abweichend<\/span><\/td>\n<\/tr>\n<\/tbody>\n<\/table>\n<p><span style=\"font-size: medium;\"><strong><span style=\"text-decoration: underline;\">Apartment mit separatem Schlafzimmer, Dusche, WC<\/span><\/strong><\/span> <span style=\"font-size: small;\">f\u00fcr 2 Personen <\/span><\/p>\n<h6><span style=\"font-size: small;\"><span style=\"font-size: medium;\"><a href=\"http:\/\/www.booking.com\/hotel\/de\/weingutrieslingstubn.html?aid=330843;lang=de;pb=1\">Verf\u00fcgbarkeit Pr\u00fcfen und Buchen <\/a><\/span><\/span>(Unterst\u00fctzt von Booking.com)<\/h6>\n<p><em>Seperater<\/em> <em>Wohn- und Schlafbereich, K\u00fcchenzeile<\/em> mit<em> Sp\u00fclmaschine, Mikrowelle, Kaffeemaschine, Fernseher. Bettw\u00e4sche und Handt\u00fccher werden gestellt.<\/em><br \/>\n<span style=\"font-size: medium;\">Preise f\u00fcr 2 Personen ohne Fr\u00fchst\u00fcck:<\/span><\/p>\n<table style=\"height: 163px;\" width=\"513\" cellpadding=\"3\">\n<tbody>\n<tr>\n<td style=\"text-align: left;\" align=\"right\" height=\"20\"><span style=\"font-size: medium;\"> Ganzj\u00e4hrig<\/span><\/td>\n<td align=\"left\" height=\"20\"><span style=\"font-size: medium;\"> ab 120,00 \u20ac (ab 60,00 \u20ac pro Person)<\/span><\/td>\n<\/tr>\n<tr>\n<td style=\"text-align: left;\" align=\"right\" height=\"20\"><span style=\"font-size: medium;\">extra Fr\u00fchst\u00fcck<\/span><\/td>\n<td align=\"left\" height=\"20\"><span style=\"font-size: medium;\">12,50 \u20ac pro Person<\/span><\/td>\n<\/tr>\n<tr>\n<td style=\"text-align: left;\" align=\"right\" height=\"20\"><span style=\"font-size: medium;\">Hund<\/span><\/td>\n<td align=\"left\" height=\"20\"><span style=\"font-size: medium;\">5,00 \u20ac<\/span><\/td>\n<\/tr>\n<tr>\n<td style=\"text-align: left;\" colspan=\"2\" align=\"center\"><span style=\"font-size: x-small;\">Die angegebenen Preise gelten pro Nacht bei Buchungen \u00fcber uns. Preise bei Booking.com sind abweichend<\/span><\/td>\n<\/tr>\n<\/tbody>\n<\/table>\n<p><span style=\"font-size: medium;\"><strong><span style=\"text-decoration: underline;\">Ferienwohnung mit Bad und sep. WC und 2 Schlafzimmern<\/span><\/strong><\/span><\/p>\n<h6><span style=\"font-size: small;\"><span style=\"font-size: medium;\"><a href=\"http:\/\/www.booking.com\/hotel\/de\/weingutrieslingstubn.html?aid=330843;lang=de;pb=1\">Verf\u00fcgbarkeit Pr\u00fcfen und Buchen<\/a><\/span> (Unterst\u00fctzt von Booking.com) <\/span><\/h6>\n<p><em>Wohnbereich mit Sitzlandschaft, Essbereich und<\/em><em>\u00a0K\u00fcchenzeile<\/em> m<em>it Kaffeemaschine, Fernseher. Zwei separate Schlafzimmer mit Doppelbetten. Bettw\u00e4sche und Handt\u00fccher werden gestellt<\/em><\/p>\n<p><span style=\"font-size: medium;\">Preise f\u00fcr bis zu 4 Personen ohne Fr\u00fchst\u00fcck:<\/span><\/p>\n<table style=\"height: 169px;\" width=\"506\">\n<tbody>\n<tr>\n<td style=\"text-align: left;\" align=\"right\" height=\"20\"><span style=\"font-size: medium;\"> Ganzj\u00e4hrig<\/span><\/td>\n<td align=\"left\" height=\"20\"><span style=\"font-size: medium;\"> ab 160,00 \u20ac<\/span><\/td>\n<\/tr>\n<tr>\n<td style=\"text-align: left;\" align=\"right\" height=\"20\"><span style=\"font-size: medium;\">extra Fr\u00fchst\u00fcck<\/span><\/td>\n<td align=\"left\" height=\"20\"><span style=\"font-size: medium;\">12,50 \u20ac pro Person<\/span><\/td>\n<\/tr>\n<tr>\n<td style=\"text-align: left;\" align=\"right\" height=\"20\"><span style=\"font-size: medium;\">Hund<\/span><\/td>\n<td align=\"left\" height=\"20\"><span style=\"font-size: medium;\">5,00 \u20ac<\/span><\/td>\n<\/tr>\n<tr>\n<td style=\"text-align: left;\" colspan=\"2\" align=\"center\" height=\"15\">Die angegebenen Preise gelten pro Nacht bei Buchungen \u00fcber uns. Preise bei Booking.com sind abweichend<\/td>\n<\/tr>\n<\/tbody>\n<\/table>\n<p><span style=\"font-size: medium;\"><strong><span style=\"text-decoration: underline;\">Ferienwohnung mit Balkon und 2 Schlafzimmern<\/span><\/strong><\/span><\/p>\n<h6><span style=\"font-size: small;\"><span style=\"font-size: medium;\"><a href=\"http:\/\/www.booking.com\/hotel\/de\/weingutrieslingstubn.html?aid=330843;lang=de;pb=1\">Verf\u00fcgbarkeit Pr\u00fcfen und Buchen<\/a><\/span> (Unterst\u00fctzt von Booking.com) <\/span><\/h6>\n<p><em>Wohnbereich mit Sitzlandschaft und <\/em><em>Fernseher<\/em><em>, separater Essbereich und<\/em><em>\u00a0K\u00fcchenzeile<\/em> m<em>it Kaffeemaschine und Sp\u00fclmaschine. Zwei separate Schlafzimmer mit Doppelbetten. Bettw\u00e4sche und Handt\u00fccher werden gestellt<\/em><\/p>\n<p><span style=\"font-size: medium;\">Preise f\u00fcr bis zu 4 Personen ohne Fr\u00fchst\u00fcck:<\/span><\/p>\n<table style=\"height: 169px;\" width=\"506\">\n<tbody>\n<tr>\n<td style=\"text-align: left;\" align=\"right\" height=\"20\"><span style=\"font-size: medium;\"> Ganzj\u00e4hrig<\/span><\/td>\n<td align=\"left\" height=\"20\"><span style=\"font-size: medium;\"> ab 165,00 \u20ac<\/span><\/td>\n<\/tr>\n<tr>\n<td style=\"text-align: left;\" align=\"right\" height=\"20\"><span style=\"font-size: medium;\">extra Fr\u00fchst\u00fcck<\/span><\/td>\n<td align=\"left\" height=\"20\"><span style=\"font-size: medium;\">12,50 \u20ac pro Person<\/span><\/td>\n<\/tr>\n<tr>\n<td style=\"text-align: left;\" align=\"right\" height=\"20\"><span style=\"font-size: medium;\">Hund<\/span><\/td>\n<td align=\"left\" height=\"20\"><span style=\"font-size: medium;\">5,00 \u20ac<\/span><\/td>\n<\/tr>\n<tr>\n<td style=\"text-align: left;\" colspan=\"2\" align=\"center\" height=\"15\">Die angegebenen Preise gelten pro Nacht bei Buchungen \u00fcber uns. Preise bei Booking.com sind abweichend<\/td>\n<\/tr>\n<tr>\n<td style=\"text-align: left;\" colspan=\"2\" align=\"center\" height=\"15\"><\/td>\n<\/tr>\n<\/tbody>\n<\/table>\n<p><span style=\"font-size: medium;\"><strong>Wichtige Informationen<\/strong>: <\/span><\/p>\n<p><span style=\"font-size: medium;\">Check In ist von 15:00 &#8211; 18:00 Uhr \/ Check Out bis 10:30 Uhr<\/span><\/p>\n<p><span style=\"font-size: medium;\">Fr\u00fchst\u00fcckszeit von 8:30 &#8211; 10:00 Uhr\u00a0<\/span><\/p>\n<p>Fr\u00fchst\u00fcckspreise: Erwachsene 12,50 \u20ac pro Person \/ Kinder bis 14 Jahre 7,50 \u20ac pro Person \/ Kinder bis 3 Jahre kostenfrei<\/p>\n<p><span style=\"font-size: medium;\">In den Apartments und Ferienwohnungen erfolgt keine t\u00e4gliche Reinigung durch uns. Die Kosten f\u00fcr die Endreinigung sind im Mietpreis enthalten.<\/span><\/p>\n<p><span style=\"font-size: medium;\">Handt\u00fccher und Bettw\u00e4sche werden von uns gestellt.<\/span><\/p>\n<p><span style=\"font-size: medium;\">Alle Innenbereiche sind Nichtraucherbereiche<\/span><\/p>\n<p><span style=\"font-size: medium;\">Hunde sind bei uns Wilkommen, wir bitten aber um eine vorherige Anmeldung.<\/span><\/p>\n<p><span style=\"font-size: medium;\">Kinderbetten k\u00f6nnen auf Anfrage kostenfrei zur Verf\u00fcgung gestellt werden. Eine Anmeldung ist erforderlich.<\/span><\/p>\n<p><span style=\"font-size: medium;\"><br \/>\n<\/span><br \/>\nWir w\u00fcrden uns freuen, Wenn Sie sich f\u00fcr eines unserer Angebote interessieren. Sie k\u00f6nnen Sie uns jederzeit unter E-Mail: <strong>weingut[at]haxel.de<\/strong> oder Telefon 02671-7297 oder Fax 02671-5797 erreichen. Bitte beachten Sie, dass sich die angegeben Preise auf das aktuelle Jahr 2026 beziehen.<\/p>\n","protected":false},"excerpt":{"rendered":"<p>G\u00e4stezimmer mit Dusche\/WC Verf\u00fcgbarkeit Pr\u00fcfen und Buchen (Unterst\u00fctzt von Booking.com) Preise f\u00fcr 2 Personen mit Fr\u00fchst\u00fcck: Ganzj\u00e4hrig ab 120,00 \u20ac (ab 60,00 \u20ac pro Person) ohne Fr\u00fchst\u00fcck ab 100,00 \u20ac (ab 50,00 \u20ac pro Person) Hund 5,00 \u20ac Die angegebenen Preise gelten pro Nacht bei Buchungen \u00fcber uns. Preise bei Booking.com sind abweichend Apartments mit [&hellip;]<\/p>\n","protected":false},"author":1,"featured_media":0,"parent":0,"menu_order":10,"comment_status":"closed","ping_status":"closed","template":"","meta":{"footnotes":""},"class_list":["post-31","page","type-page","status-publish","hentry"],"_links":{"self":[{"href":"https:\/\/haxel.de\/index.php?rest_route=\/wp\/v2\/pages\/31","targetHints":{"allow":["GET"]}}],"collection":[{"href":"https:\/\/haxel.de\/index.php?rest_route=\/wp\/v2\/pages"}],"about":[{"href":"https:\/\/haxel.de\/index.php?rest_route=\/wp\/v2\/types\/page"}],"author":[{"embeddable":true,"href":"https:\/\/haxel.de\/index.php?rest_route=\/wp\/v2\/users\/1"}],"replies":[{"embeddable":true,"href":"https:\/\/haxel.de\/index.php?rest_route=%2Fwp%2Fv2%2Fcomments&post=31"}],"version-history":[{"count":7,"href":"https:\/\/haxel.de\/index.php?rest_route=\/wp\/v2\/pages\/31\/revisions"}],"predecessor-version":[{"id":9761,"href":"https:\/\/haxel.de\/index.php?rest_route=\/wp\/v2\/pages\/31\/revisions\/9761"}],"wp:attachment":[{"href":"https:\/\/haxel.de\/index.php?rest_route=%2Fwp%2Fv2%2Fmedia&parent=31"}],"curies":[{"name":"wp","href":"https:\/\/api.w.org\/{rel}","templated":true}]}}