{"id":2,"date":"2010-11-28T18:21:27","date_gmt":"2010-11-28T17:21:27","guid":{"rendered":"http:\/\/guenni.net\/haxel\/?page_id=2"},"modified":"2026-03-27T16:17:44","modified_gmt":"2026-03-27T15:17:44","slug":"eine-seite","status":"publish","type":"page","link":"https:\/\/haxel.de\/","title":{"rendered":"Herzlich willkommen beim Weingut Haxel"},"content":{"rendered":"<p>Liebe G\u00e4ste und Kunden,<\/p>\n<p>wir freuen uns, Sie ab dem 01. April wieder bei uns f\u00fcr ein Glas Wein (oder auch 2) in der Weinstube begr\u00fc\u00dfen zu d\u00fcrfen!<\/p>\n<p>Sie haben nat\u00fcrlich jederzeit die M\u00f6glichkeit bei uns vor Ort im Weingut Wein zu kaufen, G\u00e4stezimmer oder Weinproben zu buchen, unabh\u00e4ngig von den \u00d6ffnungszeiten der Weinstube.<\/p>\n<p>&nbsp;<\/p>\n<p><strong>\u00c4nderungen f\u00fcr Weinbesteller:<\/strong> Ab dem 01.01.2026 versenden wir unsere Weinpakete bis auf weiteres per Hermes. Die neuen Versandkosten finden Sie im entsprechenden Men\u00fc aufgelistet. Ab sofort kann dann auch wieder in folgenden Versandkartoneinheiten bestellt werden:<br \/>\n1er, 3er, 6er, 12er, 15er und 18er<\/p>\n<p>Planen Sie eine Weinprobe und brauchen Beratung?! Melden Sie sich gerne \u00fcber unser Kontaktformular oder \u00fcber weingut@haxel.de wir helfen Ihnen gerne weiter.<\/p>\n<p>Wir freuen uns auf Sie!<\/p>\n<p>Ihr Team<br \/>\nWeingut Haxel<\/p>\n<p>&nbsp;<\/p>\n<p style=\"text-align: center;\"><span style=\"font-family: Book Antiqua;\"><span style=\"font-size: x-large;\">Welcome!<br \/>\n<\/span><\/span><\/p>\n<p style=\"text-align: center;\"><span style=\"font-family: Book Antiqua;\"><span style=\"font-size: x-large;\"><a href=\"https:\/\/mosel.guenni.net\/wordpress\/wp-content\/uploads\/Wappen.jpg\"><img loading=\"lazy\" decoding=\"async\" class=\"aligncenter size-full wp-image-45\" title=\"Wappen\" src=\"https:\/\/mosel.guenni.net\/wordpress\/wp-content\/uploads\/Wappen.jpg\" alt=\"\" width=\"191\" height=\"257\" \/><\/a><br \/>\n<\/span><\/span><\/p>\n","protected":false},"excerpt":{"rendered":"<p>Liebe G\u00e4ste und Kunden, wir freuen uns, Sie ab dem 01. April wieder bei uns f\u00fcr ein Glas Wein (oder auch 2) in der Weinstube begr\u00fc\u00dfen zu d\u00fcrfen! Sie haben nat\u00fcrlich jederzeit die M\u00f6glichkeit bei uns vor Ort im Weingut Wein zu kaufen, G\u00e4stezimmer oder Weinproben zu buchen, unabh\u00e4ngig von den \u00d6ffnungszeiten der Weinstube. &nbsp; [&hellip;]<\/p>\n","protected":false},"author":4,"featured_media":0,"parent":0,"menu_order":8,"comment_status":"closed","ping_status":"closed","template":"","meta":{"footnotes":""},"class_list":["post-2","page","type-page","status-publish","hentry"],"_links":{"self":[{"href":"https:\/\/haxel.de\/index.php?rest_route=\/wp\/v2\/pages\/2","targetHints":{"allow":["GET"]}}],"collection":[{"href":"https:\/\/haxel.de\/index.php?rest_route=\/wp\/v2\/pages"}],"about":[{"href":"https:\/\/haxel.de\/index.php?rest_route=\/wp\/v2\/types\/page"}],"author":[{"embeddable":true,"href":"https:\/\/haxel.de\/index.php?rest_route=\/wp\/v2\/users\/4"}],"replies":[{"embeddable":true,"href":"https:\/\/haxel.de\/index.php?rest_route=%2Fwp%2Fv2%2Fcomments&post=2"}],"version-history":[{"count":14,"href":"https:\/\/haxel.de\/index.php?rest_route=\/wp\/v2\/pages\/2\/revisions"}],"predecessor-version":[{"id":16688,"href":"https:\/\/haxel.de\/index.php?rest_route=\/wp\/v2\/pages\/2\/revisions\/16688"}],"wp:attachment":[{"href":"https:\/\/haxel.de\/index.php?rest_route=%2Fwp%2Fv2%2Fmedia&parent=2"}],"curies":[{"name":"wp","href":"https:\/\/api.w.org\/{rel}","templated":true}]}}