{"id":13,"date":"2010-11-29T17:17:50","date_gmt":"2010-11-29T17:17:50","guid":{"rendered":"http:\/\/guenni.net\/haxel\/?page_id=13"},"modified":"2025-07-22T16:28:35","modified_gmt":"2025-07-22T15:28:35","slug":"impessum","status":"publish","type":"page","link":"https:\/\/haxel.de\/?page_id=13","title":{"rendered":"Impressum"},"content":{"rendered":"<h1 class=\"font_8\">Zust\u00e4ndige Aufsichtsbeh\u00f6rde<\/h1>\n<div class=\"question-answer-box question-answer-box-expanded\">\n<div class=\"question-answer\">\n<div class=\"question-answer-text ng-binding\">\n<div class=\"font_8\">Ministerium f\u00fcr Umwelt,Landwirtschaft, Ern\u00e4hrung, Weinbau und Forsten<\/div>\n<div class=\"font_8\">Kaiser-Friedrich-Stra\u00dfe 1,<\/div>\n<div class=\"font_8\">55116 Mainz<\/div>\n<\/div>\n<\/div>\n<\/div>\n<h1>Impressum<\/h1>\n<h2>Angaben gem\u00e4\u00df \u00a7 5 DDG:<\/h2>\n<p>Weingut Haxel<\/p>\n<p>Endertstra\u00dfe 26-28<\/p>\n<p>56812 Cochem<\/p>\n<h2>Vertreten durch:<\/h2>\n<p>Robert Haxel<\/p>\n<h2>Kontakt:<\/h2>\n<table>\n<tbody>\n<tr>\n<td>Telefon:<\/td>\n<td>+49 &#8211; (0)2671 &#8211; 7297<\/td>\n<\/tr>\n<tr>\n<td>Telefax:<\/td>\n<td>+49 &#8211; (0)2671 &#8211; 5797<\/td>\n<\/tr>\n<tr>\n<td>E-Mail:<\/td>\n<td>weingut[at]haxel.de<\/td>\n<\/tr>\n<\/tbody>\n<\/table>\n<h2>Umsatzsteuer-ID:<\/h2>\n<p>45\/062\/4120\/7<\/p>\n<p>Als Diensteanbieter sind wir gem\u00e4\u00df \u00a7 7 Abs.1 DDG f\u00fcr eigene Inhalte auf diesen Seiten nach den allgemeinen Gesetzen verantwortlich. Nach \u00a7\u00a7 8 bis 10 DDG sind wir als Diensteanbieter jedoch nicht verpflichtet, \u00fcbermittelte oder gespeicherte fremde Informationen zu \u00fcberwachen oder nach Umst\u00e4nden zu forschen, die auf eine rechtswidrige T\u00e4tigkeit hinweisen. Verpflichtungen zur Entfernung oder Sperrung der Nutzung von Informationen nach den allgemeinen Gesetzen bleiben hiervon unber\u00fchrt. Eine diesbez\u00fcgliche Haftung ist jedoch erst ab dem Zeitpunkt der Kenntnis einer konkreten Rechtsverletzung m\u00f6glich. Bei Bekanntwerden von entsprechenden Rechtsverletzungen werden wir diese Inhalte umgehend entfernen.<\/p>\n<p><strong>Haftung f\u00fcr Links<\/strong><\/p>\n<p>Unser Angebot enth\u00e4lt Links zu externen Webseiten Dritter, auf deren Inhalte wir keinen Einfluss haben. Deshalb k\u00f6nnen wir f\u00fcr diese fremden Inhalte auch keine Gew\u00e4hr \u00fcbernehmen. F\u00fcr die Inhalte der verlinkten Seiten ist stets der jeweilige Anbieter oder Betreiber der Seiten verantwortlich. Die verlinkten Seiten wurden zum Zeitpunkt der Verlinkung auf m\u00f6gliche Rechtsverst\u00f6\u00dfe \u00fcberpr\u00fcft. Rechtswidrige Inhalte waren zum Zeitpunkt der Verlinkung nicht erkennbar. Eine permanente inhaltliche Kontrolle der verlinkten Seiten ist jedoch ohne konkrete Anhaltspunkte einer Rechtsverletzung nicht zumutbar. Bei Bekanntwerden von Rechtsverletzungen werden wir derartige Links umgehend entfernen.<\/p>\n<p><strong>Urheberrecht<\/strong><\/p>\n<p>Die durch die Seitenbetreiber erstellten Inhalte und Werke auf diesen Seiten unterliegen dem deutschen Urheberrecht. Die Vervielf\u00e4ltigung, Bearbeitung, Verbreitung und jede Art der Verwertung au\u00dferhalb der Grenzen des Urheberrechtes bed\u00fcrfen der schriftlichen Zustimmung des jeweiligen Autors bzw. Erstellers. Downloads und Kopien dieser Seite sind nur f\u00fcr den privaten, nicht kommerziellen Gebrauch gestattet. Soweit die Inhalte auf dieser Seite nicht vom Betreiber erstellt wurden, werden die Urheberrechte Dritter beachtet. Insbesondere werden Inhalte Dritter als solche gekennzeichnet. Sollten Sie trotzdem auf eine Urheberrechtsverletzung aufmerksam werden, bitten wir um einen entsprechenden Hinweis. Bei Bekanntwerden von Rechtsverletzungen werden wir derartige Inhalte umgehend entfernen.<\/p>\n<h1 class=\"font_8\">Zust\u00e4ndige Aufsichtsbeh\u00f6rde<\/h1>\n<div class=\"question-answer-box question-answer-box-expanded\">\n<div class=\"question-answer\">\n<div class=\"question-answer-text ng-binding\">\n<div class=\"font_8\">Ministerium f\u00fcr Umwelt,Landwirtschaft, Ern\u00e4hrung, Weinbau und Forsten<\/div>\n<div class=\"font_8\">Kaiser-Friedrich-Stra\u00dfe 1,<\/div>\n<div class=\"font_8\">55116 Mainz<\/div>\n<\/div>\n<\/div>\n<\/div>\n<h1>Datenschutzerkl\u00e4rung:<\/h1>\n<p><strong>Datenschutz<\/strong><\/p>\n<p>Datenschutz<br \/>\nDatenschutzerkl\u00e4rung und Einwilligungen<br \/>\nInhaltsverzeichnis<\/p>\n<p>1. Zielsetzung und verantwortliche Stelle<br \/>\n2. Grunds\u00e4tzliche Angaben zur Datenverarbeitung<br \/>\n3. Verarbeitung personenbezogener Daten<br \/>\n4. Erhebung von Zugriffsdaten<br \/>\n5. Cookies &amp; Reichweitenmessung<br \/>\n6. Google Analytics<br \/>\n7. Newsletter<br \/>\n8. Einbindung von Diensten und Inhalten Dritter<br \/>\n9. Rechte der Nutzer und L\u00f6schung<br \/>\n10. \u00c4nderungen der Datenschutzerkl\u00e4rung<\/p>\n<p><strong>1. Zielsetzung und verantwortliche Stelle<\/strong><\/p>\n<p>Diese Datenschutzerkl\u00e4rung kl\u00e4rt \u00fcber die Art, den Umfang und Zweck der Verarbeitung (u.a. Erhebung, Verarbeitung und Nutzung sowie Einholung von Einwilligungen) von personenbezogenen Daten innerhalb unseres Onlineangebotes und der mit ihm verbundenen Webseiten, Funktionen und Inhalte (nachfolgend gemeinsam bezeichnet als \u201eOnlineangebot\u201c oder \u201eWebsite\u201c) auf. Die Datenschutzerkl\u00e4rung gilt unabh\u00e4ngig von den verwendeten Domains, Systemen, Plattformen und Ger\u00e4ten (z.B. Desktop oder Mobile) auf denen das Onlineangebot ausgef\u00fchrt wird.<\/p>\n<p>Anbieter des Onlineangebotes und die datenschutzrechtlich verantwortliche Stelle ist Weingut Haxel GbR, Endertstra\u00dfe 26\/28, D-56812 Cochem (nachfolgend bezeichnet als \u201eAnbieterIn\u201c, \u201ewir\u201c oder \u201euns\u201c). F\u00fcr die Kontaktm\u00f6glichkeiten verweisen wir auf unser <a href=\"https:\/\/haxel.de\/?page_id=13\">Impressum<\/a><\/p>\n<p>Der Begriff \u201eNutzer\u201c umfasst alle Kunden und Besucher unseres Onlineangebotes. Die verwendeten Begrifflichkeiten, wie z.B. \u201eNutzer\u201c sind geschlechtsneutral zu verstehen.<\/p>\n<p><strong>2. Grunds\u00e4tzliche Angaben zur Datenverarbeitung<\/strong><\/p>\n<p>Wir verarbeiten personenbezogene Daten der Nutzer nur unter Einhaltung der einschl\u00e4gigen Datenschutzbestimmungen entsprechend den Geboten der Datensparsamkeit- und Datenvermeidung. Das bedeutet die Daten der Nutzer werden nur beim Vorliegen einer gesetzlichen Erlaubnis, insbesondere wenn die Daten zur Erbringung unserer vertraglichen Leistungen sowie Online-Services erforderlich, bzw. gesetzlich vorgeschrieben sind oder beim Vorliegen einer Einwilligung verarbeitet.<\/p>\n<p>Wir treffen organisatorische, vertragliche und technische Sicherheitsma\u00dfnahmen entsprechend dem Stand der Technik, um sicher zu stellen, dass die Vorschriften der Datenschutzgesetze eingehalten werden und um damit die durch uns verarbeiteten Daten gegen zuf\u00e4llige oder vors\u00e4tzliche Manipulationen, Verlust, Zerst\u00f6rung oder gegen den Zugriff unberechtigter Personen zu sch\u00fctzen.<\/p>\n<p>Sofern im Rahmen dieser Datenschutzerkl\u00e4rung Inhalte, Werkzeuge oder sonstige Mittel von anderen Anbietern (nachfolgend gemeinsam bezeichnet als \u201eDritt-Anbieter\u201c) eingesetzt werden und deren genannter Sitz im Ausland ist, ist davon auszugehen, dass ein Datentransfer in die Sitzstaaten der Dritt-Anbieter stattfindet. Die \u00dcbermittlung von Daten in Drittstaaten erfolgt entweder auf Grundlage einer gesetzlichen Erlaubnis, einer Einwilligung der Nutzer oder spezieller Vertragsklauseln, die eine gesetzlich vorausgesetzte Sicherheit der Daten gew\u00e4hrleisten.<\/p>\n<p><strong>3. Verarbeitung personenbezogener Daten<\/strong><\/p>\n<p>Die personenbezogenen Daten werden, neben den ausdr\u00fccklich in dieser Datenschutzerkl\u00e4rung genannten Verwendung, f\u00fcr die folgenden Zwecke auf Grundlage gesetzlicher Erlaubnisse oder Einwilligungen der Nutzer verarbeitet:<br \/>\n\u2013 Die Zurverf\u00fcgungstellung, Ausf\u00fchrung, Pflege, Optimierung und Sicherung unserer Dienste-, Service- und Nutzerleistungen;<br \/>\n\u2013 Die Gew\u00e4hrleistung eines effektiven Kundendienstes und technischen Supports.<\/p>\n<p>Wir \u00fcbermitteln die Daten der Nutzer an Dritte nur, wenn dies f\u00fcr Abrechnungszwecke notwendig ist (z.B. an einen Zahlungsdienstleister) oder f\u00fcr andere Zwecke, wenn diese notwendig sind, um unsere vertraglichen Verpflichtungen gegen\u00fcber den Nutzern zu erf\u00fcllen (z.B. Adressmitteilung an Lieferanten).<\/p>\n<p>Bei der Kontaktaufnahme mit uns (per Kontaktformular oder Email) werden die Angaben des Nutzers zwecks Bearbeitung der Anfrage sowie f\u00fcr den Fall, dass Anschlussfragen entstehen, gespeichert.<br \/>\nPersonenbezogene Daten werden gel\u00f6scht, sofern sie ihren Verwendungszweck erf\u00fcllt haben und der L\u00f6schung keine Aufbewahrungspflichten entgegenstehen.<\/p>\n<p><strong>4. Erhebung von Zugriffsdaten<\/strong><\/p>\n<p>Wir erheben Daten \u00fcber jeden Zugriff auf den Server, auf dem sich dieser Dienst befindet (so genannte Serverlogfiles). Zu den Zugriffsdaten geh\u00f6ren Name der abgerufenen Webseite, Datei, Datum und Uhrzeit des Abrufs, \u00fcbertragene Datenmenge, Meldung \u00fcber erfolgreichen Abruf, Browsertyp nebst Version, das Betriebssystem des Nutzers, Referrer URL (die zuvor besuchte Seite), IP-Adresse und der anfragende Provider.<\/p>\n<p>Wir verwenden die Protokolldaten ohne Zuordnung zur Person des Nutzers oder sonstiger Profilerstellung entsprechend den gesetzlichen Bestimmungen nur f\u00fcr statistische Auswertungen zum Zweck des Betriebs, der Sicherheit und der Optimierung unseres Onlineangebotes. Wir behalten uns jedoch vor, die Protokolldaten nachtr\u00e4glich zu \u00fcberpr\u00fcfen, wenn aufgrund konkreter Anhaltspunkte der berechtigte Verdacht einer rechtswidrigen Nutzung besteht.<\/p>\n<p><strong>5. Cookies &amp; Reichweitenmessung<\/strong><\/p>\n<p>Cookies sind Informationen, die von unserem Webserver oder Webservern Dritter an die Web-Browser der Nutzer \u00fcbertragen und dort f\u00fcr einen sp\u00e4teren Abruf gespeichert werden. \u00dcber den Einsatz von Cookies im Rahmen pseudonymer Reichweitenmessung werden die Nutzer im Rahmen dieser Datenschutzerkl\u00e4rung informiert.<\/p>\n<p>Die Betrachtung dieses Onlineangebotes ist auch unter Ausschluss von Cookies m\u00f6glich. Falls die Nutzer nicht m\u00f6chten, dass Cookies auf ihrem Rechner gespeichert werden, werden sie gebeten die entsprechende Option in den Systemeinstellungen ihres Browsers zu deaktivieren. Gespeicherte Cookies k\u00f6nnen in den Systemeinstellungen des Browsers gel\u00f6scht werden. Der Ausschluss von Cookies kann zu Funktionseinschr\u00e4nkungen dieses Onlineangebotes f\u00fchren.<\/p>\n<p>Es besteht die M\u00f6glichkeit, viele Online-Anzeigen-Cookies von Unternehmen \u00fcber die US-amerikanische Seite http:\/\/www.aboutads.info\/choices oder die EU-Seite <a href=\"http:\/\/www.youronlinechoices.com\/uk\/your-ad-choices\/\">http:\/\/www.youronlinechoices.com\/uk\/your-ad-choices\/ <\/a>zu verwalten.<\/p>\n<p><strong>6. Google Analytics<\/strong><\/p>\n<p>Wir setzen Google Analytics, einen Webanalysedienst der Google Inc. (\u201eGoogle\u201c) ein. Google verwendet Cookies. Die durch das Cookie erzeugten Informationen \u00fcber Benutzung des Onlineangebotes durch die Nutzer werden in der Regel an einen Server von Google in den USA \u00fcbertragen und dort gespeichert.<\/p>\n<p>Google wird diese Informationen in unserem Auftrag benutzen, um die Nutzung unseres Onlineangebotes durch die Nutzer auszuwerten, um Reports \u00fcber die Aktivit\u00e4ten innerhalb dieses Onlineangebotes zusammenzustellen und um weitere mit der Nutzung dieses Onlineangebotes und der Internetnutzung verbundene Dienstleistungen uns gegen\u00fcber zu erbringen. Dabei k\u00f6nnen aus den verarbeiteten Daten pseudonyme Nutzungsprofile der Nutzer erstellt werden.<\/p>\n<p>Wir setzen Google Analytics nur mit aktivierter IP-Anonymisierung ein. Das bedeutet, die IP-Adresse der Nutzer wird von Google innerhalb von Mitgliedstaaten der Europ\u00e4ischen Union oder in anderen Vertragsstaaten des Abkommens \u00fcber den Europ\u00e4ischen Wirtschaftsraum gek\u00fcrzt. Nur in Ausnahmef\u00e4llen wird die volle IP-Adresse an einen Server von Google in den USA \u00fcbertragen und dort gek\u00fcrzt.<\/p>\n<p>Die von dem Browser des Nutzers \u00fcbermittelte IP-Adresse wird nicht mit anderen Daten von Google zusammengef\u00fchrt. Die Nutzer k\u00f6nnen die Speicherung der Cookies durch eine entsprechende Einstellung ihrer Browser-Software verhindern; die Nutzer k\u00f6nnen dar\u00fcber hinaus die Erfassung der durch das Cookie erzeugten und auf ihre Nutzung des Onlineangebotes bezogenen Daten an Google sowie die Verarbeitung dieser Daten durch Google verhindern, indem sie das unter dem folgenden Link verf\u00fcgbare Browser-Plugin herunterladen und installieren: <a href=\"http:\/\/tools.google.com\/dlpage\/gaoptout?hl=de\">http:\/\/tools.google.com\/dlpage\/gaoptout?hl=de<\/a>.<\/p>\n<p>Weitere Informationen zur Datennutzung zu Werbezwecken durch Google, Einstellungs- und Widerspruchsm\u00f6glichkeiten erfahren Sie auf den Webseiten von Google: <a href=\"https:\/\/www.google.com\/intl\/de\/policies\/privacy\/partners\">https:\/\/www.google.com\/intl\/de\/policies\/privacy\/partners<\/a> (\u201eDatennutzung durch Google bei Ihrer Nutzung von Websites oder Apps unserer Partner\u201c), <a href=\"http:\/\/www.google.com\/policies\/technologies\/ads\">http:\/\/www.google.com\/policies\/technologies\/ads<\/a> (\u201eDatennutzung zu Werbezwecken\u201c), <a href=\"http:\/\/www.google.de\/settings\/ads\">http:\/\/www.google.de\/settings\/ads<\/a> (\u201eInformationen verwalten, die Google verwendet, um Ihnen Werbung einzublenden\u201c) und <a href=\"http:\/\/www.google.com\/ads\/preferences\">http:\/\/www.google.com\/ads\/preferences<\/a> (\u201eBestimmen Sie, welche Werbung Google Ihnen zeigt\u201c).<\/p>\n<p><strong>7. Newsletter<\/strong><\/p>\n<p>Mit den nachfolgenden Hinweisen kl\u00e4ren wir Sie \u00fcber die Inhalte unseres Newsletters sowie das Anmelde-, Versand- und das statistische Auswertungsverfahren sowie Ihre Widerspruchsrechte auf. Indem Sie unseren Newsletter abonnieren, erkl\u00e4ren Sie sich mit dem Empfang und den beschriebenen Verfahren einverstanden.<\/p>\n<p>Inhalt des Newsletters: Wir versenden Newsletter, E-Mails und weitere elektronische Benachrichtigungen mit werblichen Informationen (nachfolgend \u201eNewsletter\u201c) nur mit der Einwilligung der Empf\u00e4nger oder einer gesetzlichen Erlaubnis. Sofern im Rahmen einer Anmeldung zum Newsletter dessen Inhalte konkret umschrieben werden, sind sie f\u00fcr die Einwilligung der Nutzer ma\u00dfgeblich. Im \u00dcbrigen enthalten unsere Newsletter folgende Informationen:<\/p>\n<p>Aktuelles aus dem Weingut<br \/>\nunsere Produkte<br \/>\naktuelle Angebote<br \/>\nAktionen und unser Unternehmen<\/p>\n<p>Double-Opt-In und Protokollierung: Die Anmeldung zu unserem Newsletter erfolgt in einem sog. Double-Opt-In-Verfahren. D.h. Sie erhalten nach der Anmeldung eine E-Mail, in der Sie um die Best\u00e4tigung Ihrer Anmeldung gebeten werden. Diese Best\u00e4tigung ist notwendig, damit sich niemand mit fremden E-Mailadressen anmelden kann. Die Anmeldungen zum Newsletter werden protokolliert, um den Anmeldeprozess entsprechend den rechtlichen Anforderungen nachweisen zu k\u00f6nnen. Hierzu geh\u00f6rt die Speicherung des Anmelde- und des Best\u00e4tigungszeitpunkts, als auch der IP-Adresse.<\/p>\n<p>Versanddienstleister: Der Versand der Newsletter erfolgt direkt in unserer WordPress Installation. Es werden keine Daten an Drittanbieter weitergegeben.<\/p>\n<p>Anmeldedaten: Um sich f\u00fcr den Newsletter anzumelden, reicht es aus, wenn Sie Ihre E-Mailadresse angeben. Optional bitten wir Sie folgende Daten anzugeben: Vorname, Nachname.<\/p>\n<p>Statistische Erhebung und Analysen \u2013 Die Newsletter enthalten einen sog. \u201eweb-beacon\u201c, d.h. eine pixelgro\u00dfe Datei, die beim \u00d6ffnen des Newsletters von unserem Server abgerufen wird. Im Rahmen dieses Abrufs werden zun\u00e4chst technische Informationen, wie Informationen zum Browser und Ihrem System, als auch Ihre IP-Adresse und Zeitpunkt des Abrufs erhoben. Diese Informationen werden zur technischen Verbesserung der Services anhand der technischen Daten oder der Zielgruppen und ihres Leseverhaltens anhand derer Abruforte (die mit Hilfe der IP-Adresse bestimmbar sind) oder der Zugriffszeiten genutzt. Zu den statistischen Erhebungen geh\u00f6rt ebenfalls die Feststellung, ob die Newsletter ge\u00f6ffnet werden, wann sie ge\u00f6ffnet werden und welche Links geklickt werden. Diese Informationen k\u00f6nnen aus technischen Gr\u00fcnden zwar den einzelnen Newsletterempf\u00e4ngern zugeordnet werden. Es ist jedoch nicht unser Bestreben, einzelne Nutzer zu beobachten. Die Auswertungen dienen uns viel mehr dazu, die Lesegewohnheiten unserer Nutzer zu erkennen und unsere Inhalte auf sie anzupassen oder unterschiedliche Inhalte entsprechend den Interessen unserer Nutzer zu versenden.<\/p>\n<p>K\u00fcndigung\/Widerruf \u2013 Sie k\u00f6nnen den Empfang unseres Newsletters jederzeit k\u00fcndigen, d.h. Ihre Einwilligungen widerrufen. Einen Link zur K\u00fcndigung des Newsletters finden Sie am Ende eines jeden Newsletters.<\/p>\n<p><strong>8. Einbindung von Diensten und Inhalten Dritter<\/strong><\/p>\n<p>Es kann vorkommen, dass innerhalb unseres Onlineangebotes Inhalte oder Dienste von Dritt-Anbietern, wie zum Beispiel Stadtpl\u00e4ne oder Schriftarten von anderen Webseiten eingebunden werden. Die Einbindung von Inhalten der Dritt-Anbieter setzt immer voraus, dass die Dritt-Anbieter die IP-Adresse der Nutzer wahrnehmen, da sie ohne die IP-Adresse die Inhalte nicht an den Browser der Nutzer senden k\u00f6nnten. Die IP-Adresse ist damit f\u00fcr die Darstellung dieser Inhalte erforderlich. Des Weiteren k\u00f6nnen die Anbieter der Dritt-Inhalte eigene Cookies setzen und die Daten der Nutzer f\u00fcr eigene Zwecke verarbeiten. Dabei k\u00f6nnen aus den verarbeiteten Daten Nutzungsprofile der Nutzer erstellt werden. Wir werden diese Inhalte m\u00f6glichst datensparsam und datenvermeidend einsetzen sowie im Hinblick auf die Datensicherheit zuverl\u00e4ssige Dritt-Anbieter w\u00e4hlen.<\/p>\n<p>Die nachfolgende Darstellung bietet eine \u00dcbersicht von Dritt-Anbietern sowie ihrer Inhalte, nebst Links zu deren Datenschutzerkl\u00e4rungen, welche weitere Hinweise zur Verarbeitung von Daten und, z.T. bereits hier genannt, Widerspruchsm\u00f6glichkeiten (sog. Opt-Out) enthalten:<\/p>\n<p>\u2013 Externe Schriftarten von FastFonts (<a href=\"http:\/\/www.fonts.net\">http:\/\/www.fonts.net<\/a>). Die Einbindung der Fonts erfolgt durch einen Serveraufruf bei Fast-Fonts (in der Regel in den USA). Datenschutzerkl\u00e4rung: <a href=\"https:\/\/www.fonts.com\/info\/legal\">https:\/\/www.fonts.com\/info\/legal<\/a><\/p>\n<p>\u2013 Videos der Plattform \u201cYouTube\u201d des Dritt-Anbieters Google Inc., 1600 Amphitheatre Parkway, Mountain View, CA 94043, USA. Datenschutzerkl\u00e4rung: <a href=\"https:\/\/www.google.com\/policies\/privacy\/\">https:\/\/www.google.com\/policies\/privacy\/<\/a>, Opt-Out: <a href=\"https:\/\/www.google.com\/settings\/ads\/\">https:\/\/www.google.com\/settings\/ads\/<\/a>.<\/p>\n<p><strong>9. Rechte der Nutzer und L\u00f6schung von Daten<\/strong><\/p>\n<p>Nutzer haben das Recht, auf Antrag unentgeltlich Auskunft zu erhalten \u00fcber die personenbezogenen Daten, die von uns \u00fcber sie gespeichert wurden.<br \/>\nZus\u00e4tzlich haben die Nutzer das Recht auf Berichtigung unrichtiger Daten, Widerruf von Einwilligungen, Sperrung und L\u00f6schung ihrer personenbezogenen Daten sowie das Recht, im Fall der Annahme einer unrechtm\u00e4\u00dfigen Datenverarbeitung eine Beschwerde bei der zust\u00e4ndigen Aufsichtsbeh\u00f6rde einzureichen.<\/p>\n<p>Die bei uns gespeicherten Daten werden gel\u00f6scht, sobald sie f\u00fcr ihre Zweckbestimmung nicht mehr erforderlich sind und der L\u00f6schung keine gesetzlichen Aufbewahrungspflichten entgegenstehen.<\/p>\n<p><strong>10. \u00c4nderungen der Datenschutzerkl\u00e4rung<\/strong><\/p>\n<p>Wir behalten uns vor, die Datenschutzerkl\u00e4rung zu \u00e4ndern, um sie an ge\u00e4nderte Rechtslagen, oder bei \u00c4nderungen des Dienstes sowie der Datenverarbeitung anzupassen. Dies gilt jedoch nur im Hinblick auf Erkl\u00e4rungen zur Datenverarbeitung. Sofern Einwilligungen der Nutzer erforderlich sind oder Bestandteile der Datenschutzerkl\u00e4rung Regelungen des Vertragsverh\u00e4ltnisses mit den Nutzern enthalten, erfolgen die \u00c4nderungen nur mit Zustimmung der Nutzer.<br \/>\nDie Nutzer werden gebeten sich regelm\u00e4\u00dfig \u00fcber den Inhalt der Datenschutzerkl\u00e4rung zu informieren.<\/p>\n<p><strong>Datenschutzerkl\u00e4rung f\u00fcr die Nutzung von Facebook-Plugins (Like-Button)<\/strong><\/p>\n<p>Auf unseren Seiten sind Plugins des sozialen Netzwerks Facebook (Facebook Inc., 1601 Willow Road, Menlo Park, California, 94025, USA) integriert. Die Facebook-Plugins erkennen Sie an dem Facebook-Logo oder dem &#8222;Like-Button&#8220; (&#8222;Gef\u00e4llt mir&#8220;) auf unserer Seite. Eine \u00dcbersicht \u00fcber die Facebook-Plugins finden Sie hier: <a href=\"http:\/\/developers.facebook.com\/docs\/plugins\/\" target=\"_blank\" rel=\"noopener noreferrer\">http:\/\/developers.facebook.com\/docs\/plugins\/<\/a>.<br \/>\nWenn Sie unsere Seiten besuchen, wird \u00fcber das Plugin eine direkte Verbindung zwischen Ihrem Browser und dem Facebook-Server hergestellt. Facebook erh\u00e4lt dadurch die Information, dass Sie mit Ihrer IP-Adresse unsere Seite besucht haben. Wenn Sie den Facebook &#8222;Like-Button&#8220; anklicken w\u00e4hrend Sie in Ihrem Facebook-Account eingeloggt sind, k\u00f6nnen Sie die Inhalte unserer Seiten auf Ihrem Facebook-Profil verlinken. Dadurch kann Facebook den Besuch unserer Seiten Ihrem Benutzerkonto zuordnen. Wir weisen darauf hin, dass wir als Anbieter der Seiten keine Kenntnis vom Inhalt der \u00fcbermittelten Daten sowie deren Nutzung durch Facebook erhalten. Weitere Informationen hierzu finden Sie in der Datenschutzerkl\u00e4rung von facebook unter <a href=\"http:\/\/de-de.facebook.com\/policy.php\" target=\"_blank\" rel=\"noopener noreferrer\"> http:\/\/de-de.facebook.com\/policy.php<\/a><\/p>\n<p>Wenn Sie nicht w\u00fcnschen, dass Facebook den Besuch unserer Seiten Ihrem Facebook-Nutzerkonto zuordnen kann, loggen Sie sich bitte aus Ihrem Facebook-Benutzerkonto aus.<\/p>\n","protected":false},"excerpt":{"rendered":"<p>Zust\u00e4ndige Aufsichtsbeh\u00f6rde Ministerium f\u00fcr Umwelt,Landwirtschaft, Ern\u00e4hrung, Weinbau und Forsten Kaiser-Friedrich-Stra\u00dfe 1, 55116 Mainz Impressum Angaben gem\u00e4\u00df \u00a7 5 DDG: Weingut Haxel Endertstra\u00dfe 26-28 56812 Cochem Vertreten durch: Robert Haxel Kontakt: Telefon: +49 &#8211; (0)2671 &#8211; 7297 Telefax: +49 &#8211; (0)2671 &#8211; 5797 E-Mail: weingut[at]haxel.de Umsatzsteuer-ID: 45\/062\/4120\/7 Als Diensteanbieter sind wir gem\u00e4\u00df \u00a7 7 Abs.1 DDG [&hellip;]<\/p>\n","protected":false},"author":1,"featured_media":0,"parent":0,"menu_order":18,"comment_status":"closed","ping_status":"closed","template":"","meta":{"footnotes":""},"class_list":["post-13","page","type-page","status-publish","hentry"],"_links":{"self":[{"href":"https:\/\/haxel.de\/index.php?rest_route=\/wp\/v2\/pages\/13","targetHints":{"allow":["GET"]}}],"collection":[{"href":"https:\/\/haxel.de\/index.php?rest_route=\/wp\/v2\/pages"}],"about":[{"href":"https:\/\/haxel.de\/index.php?rest_route=\/wp\/v2\/types\/page"}],"author":[{"embeddable":true,"href":"https:\/\/haxel.de\/index.php?rest_route=\/wp\/v2\/users\/1"}],"replies":[{"embeddable":true,"href":"https:\/\/haxel.de\/index.php?rest_route=%2Fwp%2Fv2%2Fcomments&post=13"}],"version-history":[{"count":5,"href":"https:\/\/haxel.de\/index.php?rest_route=\/wp\/v2\/pages\/13\/revisions"}],"predecessor-version":[{"id":8986,"href":"https:\/\/haxel.de\/index.php?rest_route=\/wp\/v2\/pages\/13\/revisions\/8986"}],"wp:attachment":[{"href":"https:\/\/haxel.de\/index.php?rest_route=%2Fwp%2Fv2%2Fmedia&parent=13"}],"curies":[{"name":"wp","href":"https:\/\/api.w.org\/{rel}","templated":true}]}}